{"id":404,"date":"2026-02-10T15:18:59","date_gmt":"2026-02-10T14:18:59","guid":{"rendered":"https:\/\/louatier.fr\/?page_id=404"},"modified":"2026-02-17T10:53:43","modified_gmt":"2026-02-17T09:53:43","slug":"depositaires","status":"publish","type":"page","link":"https:\/\/louatier.fr\/index.php\/depositaires\/","title":{"rendered":"D\u00e9positaires"},"content":{"rendered":"\n<p class=\"has-text-align-center has-accent-4-background-color has-background has-large-font-size\"><strong>D\u00e9positaires 2026<\/strong><\/p>\n\n\n\n<p><strong>Chez le Pr\u00e9sident : Jean-Luc MITTERRAND<\/strong><br>7 rue du Poiriou<br>18220 SAINTE-SOLANGE<\/p>\n\n\n\n<p><strong>Mairie de Sainte Solange<\/strong><br>18220 SAINTE-SOLANGE<\/p>\n\n\n\n<p><strong>Mairie des Aix d\u2019Angillon<\/strong><br>1 rue de la R\u00e9publique<br>18220 LES-AIX-D\u2019ANGILLON<br>&nbsp;<br><strong>Bar Tabac Le Pavillon<\/strong><br>10 place de la Poste<br>18390 SAVIGNY-EN-SEPTAINE<br>&nbsp;<br><strong>Pacific P\u00eache<\/strong><br>Route de la Charit\u00e9 &#8211; All\u00e9e Stendhal<br>18390 SAINT-GERMAIN-DU-PUY<\/p>\n\n\n\n<p><strong>Achat via Internet <\/strong><br><a href=\"https:\/\/www.cartedepeche.fr\/\" target=\"_blank\" rel=\"noreferrer noopener\">Cliquez ici<\/a><\/p>\n","protected":false},"excerpt":{"rendered":"<p>D\u00e9positaires 2026 Chez le Pr\u00e9sident : Jean-Luc MITTERRAND7 rue du Poiriou18220 SAINTE-SOLANGE Mairie de Sainte Solange18220 SAINTE-SOLANGE Mairie des Aix d\u2019Angillon1 rue de la R\u00e9publique18220 LES-AIX-D\u2019ANGILLON&nbsp;Bar Tabac Le Pavillon10 place de la Poste18390 SAVIGNY-EN-SEPTAINE&nbsp;Pacific P\u00eacheRoute de la Charit\u00e9 &#8211; All\u00e9e Stendhal18390 SAINT-GERMAIN-DU-PUY Achat via Internet Cliquez ici<\/p>\n","protected":false},"author":1,"featured_media":0,"parent":0,"menu_order":0,"comment_status":"closed","ping_status":"closed","template":"","meta":{"footnotes":""},"class_list":["post-404","page","type-page","status-publish","hentry"],"_links":{"self":[{"href":"https:\/\/louatier.fr\/index.php\/wp-json\/wp\/v2\/pages\/404","targetHints":{"allow":["GET"]}}],"collection":[{"href":"https:\/\/louatier.fr\/index.php\/wp-json\/wp\/v2\/pages"}],"about":[{"href":"https:\/\/louatier.fr\/index.php\/wp-json\/wp\/v2\/types\/page"}],"author":[{"embeddable":true,"href":"https:\/\/louatier.fr\/index.php\/wp-json\/wp\/v2\/users\/1"}],"replies":[{"embeddable":true,"href":"https:\/\/louatier.fr\/index.php\/wp-json\/wp\/v2\/comments?post=404"}],"version-history":[{"count":6,"href":"https:\/\/louatier.fr\/index.php\/wp-json\/wp\/v2\/pages\/404\/revisions"}],"predecessor-version":[{"id":429,"href":"https:\/\/louatier.fr\/index.php\/wp-json\/wp\/v2\/pages\/404\/revisions\/429"}],"wp:attachment":[{"href":"https:\/\/louatier.fr\/index.php\/wp-json\/wp\/v2\/media?parent=404"}],"curies":[{"name":"wp","href":"https:\/\/api.w.org\/{rel}","templated":true}]}}