{"id":373,"date":"2026-02-05T11:13:39","date_gmt":"2026-02-05T10:13:39","guid":{"rendered":"https:\/\/louatier.fr\/?page_id=373"},"modified":"2026-02-17T10:55:32","modified_gmt":"2026-02-17T09:55:32","slug":"liens","status":"publish","type":"page","link":"https:\/\/louatier.fr\/index.php\/liens\/","title":{"rendered":"Liens"},"content":{"rendered":"\n<p class=\"has-text-align-center has-accent-4-background-color has-background has-large-font-size\">Liens utiles<\/p>\n\n\n\n<p class=\"has-text-align-center\">Cliquez sur le site que vous souhaitez consulter <\/p>\n\n\n\n<p>\u2606 <a href=\"https:\/\/federationpeche18.fr\/\" target=\"_blank\" rel=\"noreferrer noopener\">F\u00e9d\u00e9ration de P\u00eache du Cher<\/a><\/p>\n\n\n\n<p>\u2606 <a href=\"https:\/\/www.federationpeche.fr\/\" target=\"_blank\" rel=\"noreferrer noopener\">F\u00e9d\u00e9ration Nationale de P\u00eache<\/a><\/p>\n\n\n\n<p>\u2606<a href=\"https:\/\/anper-tos.fr\/\" target=\"_blank\" rel=\"noreferrer noopener\">ANPER-TOS<\/a><\/p>\n\n\n\n<p>\u2606 <a href=\"https:\/\/www.vigicrues.gouv.fr\/station\/K555458001\" target=\"_blank\" rel=\"noreferrer noopener\">Vigicrues (d\u00e9bit de l&#8217;Ouatier en temps r\u00e9el)<\/a><\/p>\n\n\n\n<p>\u2606 <a href=\"https:\/\/www.hydro.eaufrance.fr\/sitehydro\/K5554580\/calendrier\" target=\"_blank\" rel=\"noreferrer noopener\">Eaufrance (d\u00e9bit de l&#8217;Ouatier historique)<\/a><\/p>\n\n\n\n<p>\u2606 <a href=\"https:\/\/ades.eaufrance.fr\/Fiche\/PtEau?Code=04936X0010\/F#mesures_graphiques\" target=\"_blank\" rel=\"noreferrer noopener\">Niveau de la nappe d&#8217;accompagnement de l&#8217;Ouatier<\/a> <\/p>\n\n\n\n<p>\u2606 <a href=\"https:\/\/map.geopeche.com\/18#9.19\/47.0362\/2.4269\" target=\"_blank\" rel=\"noreferrer noopener\">G\u00e9op\u00eache18<\/a><\/p>\n\n\n\n<p>\u2606 <a href=\"https:\/\/www.cartedepeche.fr\/\" target=\"_blank\" rel=\"noreferrer noopener\">Achat carte de p\u00eache<\/a> <\/p>\n","protected":false},"excerpt":{"rendered":"<p>Liens utiles Cliquez sur le site que vous souhaitez consulter \u2606 F\u00e9d\u00e9ration de P\u00eache du Cher \u2606 F\u00e9d\u00e9ration Nationale de P\u00eache \u2606ANPER-TOS \u2606 Vigicrues (d\u00e9bit de l&#8217;Ouatier en temps r\u00e9el) \u2606 Eaufrance (d\u00e9bit de l&#8217;Ouatier historique) \u2606 Niveau de la nappe d&#8217;accompagnement de l&#8217;Ouatier \u2606 G\u00e9op\u00eache18 \u2606 Achat carte de p\u00eache<\/p>\n","protected":false},"author":1,"featured_media":0,"parent":0,"menu_order":0,"comment_status":"closed","ping_status":"closed","template":"","meta":{"footnotes":""},"class_list":["post-373","page","type-page","status-publish","hentry"],"_links":{"self":[{"href":"https:\/\/louatier.fr\/index.php\/wp-json\/wp\/v2\/pages\/373","targetHints":{"allow":["GET"]}}],"collection":[{"href":"https:\/\/louatier.fr\/index.php\/wp-json\/wp\/v2\/pages"}],"about":[{"href":"https:\/\/louatier.fr\/index.php\/wp-json\/wp\/v2\/types\/page"}],"author":[{"embeddable":true,"href":"https:\/\/louatier.fr\/index.php\/wp-json\/wp\/v2\/users\/1"}],"replies":[{"embeddable":true,"href":"https:\/\/louatier.fr\/index.php\/wp-json\/wp\/v2\/comments?post=373"}],"version-history":[{"count":15,"href":"https:\/\/louatier.fr\/index.php\/wp-json\/wp\/v2\/pages\/373\/revisions"}],"predecessor-version":[{"id":431,"href":"https:\/\/louatier.fr\/index.php\/wp-json\/wp\/v2\/pages\/373\/revisions\/431"}],"wp:attachment":[{"href":"https:\/\/louatier.fr\/index.php\/wp-json\/wp\/v2\/media?parent=373"}],"curies":[{"name":"wp","href":"https:\/\/api.w.org\/{rel}","templated":true}]}}