{"id":334,"date":"2026-01-30T10:38:42","date_gmt":"2026-01-30T09:38:42","guid":{"rendered":"https:\/\/louatier.fr\/?page_id=334"},"modified":"2026-02-10T15:22:16","modified_gmt":"2026-02-10T14:22:16","slug":"cartes-de-peche","status":"publish","type":"page","link":"https:\/\/louatier.fr\/index.php\/cartes-de-peche\/","title":{"rendered":"Cartes de p\u00eache"},"content":{"rendered":"\n<p class=\"has-text-align-center has-accent-4-background-color has-background has-large-font-size\"><strong>Tarifs des cartes r\u00e9ciprocitaires 2026<\/strong><\/p>\n\n\n\n<p class=\"has-text-align-center has-accent-3-color has-text-color has-link-color wp-elements-b817d77d6eea8f100291d602d64ae97b\"><a href=\"https:\/\/louatier.fr\/index.php\/depositaires\/\" data-type=\"page\" data-id=\"404\">Voir les d\u00e9positaires de La Truite de Ste Solange <\/a><\/p>\n\n\n\n<p><strong>Carte Interf\u00e9d\u00e9rale: 114\u20ac<\/strong><br>1\u00e8re et 2\u00e8me cat\u00e9gorie &#8211; Tous modes de p\u00eache. Cette carte permet \u00e0 tout p\u00eacheur de pratiquer son loisir dans les F\u00e9d\u00e9rations de l\u2019EHGO, du CHI et de l\u2019URNE.<\/p>\n\n\n\n<p><strong>Carte personne majeure: 87\u20ac<\/strong><br>1\u00e8re et 2\u00e8me cat\u00e9gorie &#8211; Tous modes de p\u00eache. Cette carte est valable dans les 46 AAPPMA de la r\u00e9ciprocit\u00e9 f\u00e9d\u00e9rale.<\/p>\n\n\n\n<p><strong>Timbre EHGO: 40\u20ac<\/strong><br>A apposer exclusivement sur la carte \u201cPersonne Majeure\u201d en plus de la CPMA. Cela permet de p\u00eacher (en plus des 46 AAPPMA r\u00e9ciprocitaires du Cher) dans les F\u00e9d\u00e9rations de l\u2019EHGO, du CHI et de l\u2019URNE.<\/p>\n\n\n\n<p><strong>Carte D\u00e9couverte Femme: 42\u20ac<\/strong><br>P\u00eache \u00e0 1 ligne &#8211; 1\u00e8re et 2\u00e8me cat\u00e9gorie. Tous modes de p\u00eache. Cette carte est valable dans les 50 AAPPMA du Cher, les F\u00e9d\u00e9rations de l\u2019EHGO, du CHI et de l\u2019URNE.<\/p>\n\n\n\n<p><strong>Carte personne mineure: 27\u20ac<\/strong><br>Jeune de 12 ans \u00e0 moins de 18 ans au 1er janvier de l\u2019ann\u00e9e. 1\u00e8re et 2\u00e8me cat\u00e9gorie. Tous modes de p\u00eache. Valable sur les 50 AAPPMA du Cher, les F\u00e9d\u00e9rations de l\u2019EHGO, du CHI et de l\u2019URNE.<\/p>\n\n\n\n<p><strong>Carte d\u00e9couverte -12 ans:&nbsp; 8\u20ac<\/strong><br>Jeune de moins de 12 ans au 1er janvier de l\u2019ann\u00e9e. P\u00eache \u00e0 1 ligne &#8211; 1\u00e8re et 2\u00e8me cat\u00e9gorie &#8211; Tous modes de p\u00eache. Valable sur les 50 AAPPMA du Cher, les F\u00e9d\u00e9rations de l\u2019EHGO, du CHI et de l\u2019URNE.<\/p>\n\n\n\n<p><strong>Carte journali\u00e8re: 13\u20ac<\/strong><br>Disponible du 1er janvier au 31 d\u00e9cembre. 1\u00e8re et 2\u00e8me cat\u00e9gorie &#8211; Tous modes de p\u00eache. Cette carte est r\u00e9ciprocitaire dans les 50 AAPPMA du Cher. Re\u00e7oit la CPMA \u201cJournali\u00e8re\u201d sauf si le p\u00eacheur a d\u00e9j\u00e0 acquitt\u00e9 la CPMA &#8220;Personne majeure\u201d sur une carte de membre pour l\u2019ann\u00e9e en cours.<\/p>\n\n\n\n<p><strong>Carte hebdomadaire: 36,50\u20ac<\/strong><br>Validit\u00e9 7 jours cons\u00e9cutifs, du 1er janvier au 31 d\u00e9cembre. 1\u00e8re et 2\u00e8me cat\u00e9gorie &#8211; Tous modes de p\u00eache. Valable sur les 50 AAPPMA du Cher, les F\u00e9d\u00e9rations de l\u2019EHGO, du CHI et de l\u2019URNE. Re\u00e7oit la CPMA \u201cHebdomadaire\u201d sauf si le p\u00eacheur a d\u00e9j\u00e0 acquitt\u00e9 la CPMA \u201cPersonne majeure\u201d sur une carte de membre pour l\u2019ann\u00e9e en cours.<\/p>\n","protected":false},"excerpt":{"rendered":"<p>Tarifs des cartes r\u00e9ciprocitaires 2026 Voir les d\u00e9positaires de La Truite de Ste Solange Carte Interf\u00e9d\u00e9rale: 114\u20ac1\u00e8re et 2\u00e8me cat\u00e9gorie &#8211; Tous modes de p\u00eache. Cette carte permet \u00e0 tout p\u00eacheur de pratiquer son loisir dans les F\u00e9d\u00e9rations de l\u2019EHGO, du CHI et de l\u2019URNE. Carte personne majeure: 87\u20ac1\u00e8re et 2\u00e8me cat\u00e9gorie &#8211; Tous modes [&hellip;]<\/p>\n","protected":false},"author":1,"featured_media":0,"parent":0,"menu_order":0,"comment_status":"closed","ping_status":"closed","template":"","meta":{"footnotes":""},"class_list":["post-334","page","type-page","status-publish","hentry"],"_links":{"self":[{"href":"https:\/\/louatier.fr\/index.php\/wp-json\/wp\/v2\/pages\/334","targetHints":{"allow":["GET"]}}],"collection":[{"href":"https:\/\/louatier.fr\/index.php\/wp-json\/wp\/v2\/pages"}],"about":[{"href":"https:\/\/louatier.fr\/index.php\/wp-json\/wp\/v2\/types\/page"}],"author":[{"embeddable":true,"href":"https:\/\/louatier.fr\/index.php\/wp-json\/wp\/v2\/users\/1"}],"replies":[{"embeddable":true,"href":"https:\/\/louatier.fr\/index.php\/wp-json\/wp\/v2\/comments?post=334"}],"version-history":[{"count":20,"href":"https:\/\/louatier.fr\/index.php\/wp-json\/wp\/v2\/pages\/334\/revisions"}],"predecessor-version":[{"id":425,"href":"https:\/\/louatier.fr\/index.php\/wp-json\/wp\/v2\/pages\/334\/revisions\/425"}],"wp:attachment":[{"href":"https:\/\/louatier.fr\/index.php\/wp-json\/wp\/v2\/media?parent=334"}],"curies":[{"name":"wp","href":"https:\/\/api.w.org\/{rel}","templated":true}]}}