{"id":201,"date":"2025-03-02T19:58:12","date_gmt":"2025-03-02T18:58:12","guid":{"rendered":"https:\/\/louatier.fr\/?page_id=201"},"modified":"2026-01-29T18:01:16","modified_gmt":"2026-01-29T17:01:16","slug":"bureau","status":"publish","type":"page","link":"https:\/\/louatier.fr\/index.php\/bureau\/","title":{"rendered":"Bureau"},"content":{"rendered":"\n<div class=\"wp-block-group alignfull has-global-padding is-layout-constrained wp-container-core-group-is-layout-669513ed wp-block-group-is-layout-constrained\" style=\"margin-top:0;margin-bottom:0;padding-top:var(--wp--preset--spacing--50);padding-right:var(--wp--preset--spacing--50);padding-bottom:var(--wp--preset--spacing--50);padding-left:var(--wp--preset--spacing--50)\">\n<div class=\"wp-block-group is-vertical is-content-justification-center is-layout-flex wp-container-core-group-is-layout-ce155fab wp-block-group-is-layout-flex\">\n<h2 class=\"wp-block-heading has-text-align-center has-xx-large-font-size\">Rencontrer notre \u00e9quipe<\/h2>\n<\/div>\n\n\n\n<div style=\"height:var(--wp--preset--spacing--30)\" aria-hidden=\"true\" class=\"wp-block-spacer\"><\/div>\n\n\n\n<div class=\"wp-block-columns alignwide is-layout-flex wp-container-core-columns-is-layout-4935966c wp-block-columns-is-layout-flex\" style=\"padding-right:0;padding-left:0\">\n<div class=\"wp-block-column is-layout-flow wp-block-column-is-layout-flow\">\n<figure class=\"wp-block-image size-full is-style-rounded is-style-rounded--1\"><img loading=\"lazy\" decoding=\"async\" width=\"2000\" height=\"2000\" src=\"https:\/\/louatier.fr\/wp-content\/uploads\/2025\/03\/10314588-1.jpg\" alt=\"\" class=\"wp-image-203\" style=\"aspect-ratio:1;object-fit:cover\" srcset=\"https:\/\/louatier.fr\/wp-content\/uploads\/2025\/03\/10314588-1.jpg 2000w, https:\/\/louatier.fr\/wp-content\/uploads\/2025\/03\/10314588-1-300x300.jpg 300w, https:\/\/louatier.fr\/wp-content\/uploads\/2025\/03\/10314588-1-1024x1024.jpg 1024w, https:\/\/louatier.fr\/wp-content\/uploads\/2025\/03\/10314588-1-150x150.jpg 150w, https:\/\/louatier.fr\/wp-content\/uploads\/2025\/03\/10314588-1-768x768.jpg 768w, https:\/\/louatier.fr\/wp-content\/uploads\/2025\/03\/10314588-1-1536x1536.jpg 1536w\" sizes=\"auto, (max-width: 2000px) 100vw, 2000px\" \/><\/figure>\n\n\n\n<div class=\"wp-block-group is-vertical is-content-justification-center is-nowrap is-layout-flex wp-container-core-group-is-layout-21d4e958 wp-block-group-is-layout-flex\">\n<p class=\"has-text-align-center has-small-font-size\"><strong>Jean-Luc MITTERRAND<\/strong><\/p>\n\n\n\n<p class=\"has-text-align-center has-small-font-size\">Pr\u00e9sident<\/p>\n<\/div>\n<\/div>\n\n\n\n<div class=\"wp-block-column is-layout-flow wp-block-column-is-layout-flow\">\n<figure class=\"wp-block-image size-full is-style-rounded is-style-rounded--2\"><img loading=\"lazy\" decoding=\"async\" width=\"2000\" height=\"2000\" src=\"https:\/\/louatier.fr\/wp-content\/uploads\/2025\/03\/10314588-2.jpg\" alt=\"\" class=\"wp-image-204\" style=\"aspect-ratio:1;object-fit:cover\" srcset=\"https:\/\/louatier.fr\/wp-content\/uploads\/2025\/03\/10314588-2.jpg 2000w, https:\/\/louatier.fr\/wp-content\/uploads\/2025\/03\/10314588-2-300x300.jpg 300w, https:\/\/louatier.fr\/wp-content\/uploads\/2025\/03\/10314588-2-1024x1024.jpg 1024w, https:\/\/louatier.fr\/wp-content\/uploads\/2025\/03\/10314588-2-150x150.jpg 150w, https:\/\/louatier.fr\/wp-content\/uploads\/2025\/03\/10314588-2-768x768.jpg 768w, https:\/\/louatier.fr\/wp-content\/uploads\/2025\/03\/10314588-2-1536x1536.jpg 1536w\" sizes=\"auto, (max-width: 2000px) 100vw, 2000px\" \/><\/figure>\n\n\n\n<div class=\"wp-block-group is-vertical is-content-justification-center is-nowrap is-layout-flex wp-container-core-group-is-layout-63bfd6c1 wp-block-group-is-layout-flex\">\n<p class=\"has-text-align-center has-small-font-size\"><strong>Rapha\u00ebl AMAT<\/strong><\/p>\n\n\n\n<p class=\"has-text-align-center has-small-font-size\">Vice-Pr\u00e9sident<\/p>\n<\/div>\n<\/div>\n\n\n\n<div class=\"wp-block-column is-layout-flow wp-block-column-is-layout-flow\">\n<figure class=\"wp-block-image size-full is-style-rounded is-style-rounded--3\"><img loading=\"lazy\" decoding=\"async\" width=\"2000\" height=\"2000\" src=\"https:\/\/louatier.fr\/wp-content\/uploads\/2025\/03\/10314588-3.jpg\" alt=\"\" class=\"wp-image-205\" style=\"aspect-ratio:1;object-fit:cover\" srcset=\"https:\/\/louatier.fr\/wp-content\/uploads\/2025\/03\/10314588-3.jpg 2000w, https:\/\/louatier.fr\/wp-content\/uploads\/2025\/03\/10314588-3-300x300.jpg 300w, https:\/\/louatier.fr\/wp-content\/uploads\/2025\/03\/10314588-3-1024x1024.jpg 1024w, https:\/\/louatier.fr\/wp-content\/uploads\/2025\/03\/10314588-3-150x150.jpg 150w, https:\/\/louatier.fr\/wp-content\/uploads\/2025\/03\/10314588-3-768x768.jpg 768w, https:\/\/louatier.fr\/wp-content\/uploads\/2025\/03\/10314588-3-1536x1536.jpg 1536w\" sizes=\"auto, (max-width: 2000px) 100vw, 2000px\" \/><\/figure>\n\n\n\n<div class=\"wp-block-group is-vertical is-content-justification-center is-nowrap is-layout-flex wp-container-core-group-is-layout-63bfd6c1 wp-block-group-is-layout-flex\">\n<p class=\"has-text-align-center has-small-font-size\"><strong>Herv\u00e9 PEZARD<\/strong><\/p>\n\n\n\n<p class=\"has-text-align-center has-small-font-size\">Vice-Pr\u00e9sident<\/p>\n<\/div>\n<\/div>\n\n\n\n<div class=\"wp-block-column is-layout-flow wp-block-column-is-layout-flow\">\n<figure class=\"wp-block-image size-full is-style-rounded is-style-rounded--4\"><img loading=\"lazy\" decoding=\"async\" width=\"2000\" height=\"2000\" src=\"https:\/\/louatier.fr\/wp-content\/uploads\/2025\/03\/10314588-4.jpg\" alt=\"\" class=\"wp-image-206\" style=\"aspect-ratio:1;object-fit:cover\" srcset=\"https:\/\/louatier.fr\/wp-content\/uploads\/2025\/03\/10314588-4.jpg 2000w, https:\/\/louatier.fr\/wp-content\/uploads\/2025\/03\/10314588-4-300x300.jpg 300w, https:\/\/louatier.fr\/wp-content\/uploads\/2025\/03\/10314588-4-1024x1024.jpg 1024w, https:\/\/louatier.fr\/wp-content\/uploads\/2025\/03\/10314588-4-150x150.jpg 150w, https:\/\/louatier.fr\/wp-content\/uploads\/2025\/03\/10314588-4-768x768.jpg 768w, https:\/\/louatier.fr\/wp-content\/uploads\/2025\/03\/10314588-4-1536x1536.jpg 1536w\" sizes=\"auto, (max-width: 2000px) 100vw, 2000px\" \/><\/figure>\n\n\n\n<div class=\"wp-block-group is-vertical is-content-justification-center is-nowrap is-layout-flex wp-container-core-group-is-layout-21d4e958 wp-block-group-is-layout-flex\">\n<p class=\"has-text-align-center has-small-font-size\"><strong>Jean-Michel PENEAU<\/strong><\/p>\n\n\n\n<p class=\"has-text-align-center has-small-font-size\">Tr\u00e9sorier<\/p>\n<\/div>\n<\/div>\n<\/div>\n<\/div>\n\n\n\n<div class=\"wp-block-group alignfull has-global-padding is-layout-constrained wp-container-core-group-is-layout-669513ed wp-block-group-is-layout-constrained\" style=\"margin-top:0;margin-bottom:0;padding-top:var(--wp--preset--spacing--50);padding-right:var(--wp--preset--spacing--50);padding-bottom:var(--wp--preset--spacing--50);padding-left:var(--wp--preset--spacing--50)\">\n<div class=\"wp-block-columns alignwide is-layout-flex wp-container-core-columns-is-layout-4935966c wp-block-columns-is-layout-flex\" style=\"padding-right:0;padding-left:0\">\n<div class=\"wp-block-column is-layout-flow wp-block-column-is-layout-flow\">\n<figure class=\"wp-block-image size-full is-style-rounded is-style-rounded--5\"><img loading=\"lazy\" decoding=\"async\" width=\"2000\" height=\"2000\" src=\"https:\/\/louatier.fr\/wp-content\/uploads\/2025\/03\/10314588-5.jpg\" alt=\"\" class=\"wp-image-207\" style=\"aspect-ratio:1;object-fit:cover\" srcset=\"https:\/\/louatier.fr\/wp-content\/uploads\/2025\/03\/10314588-5.jpg 2000w, https:\/\/louatier.fr\/wp-content\/uploads\/2025\/03\/10314588-5-300x300.jpg 300w, https:\/\/louatier.fr\/wp-content\/uploads\/2025\/03\/10314588-5-1024x1024.jpg 1024w, https:\/\/louatier.fr\/wp-content\/uploads\/2025\/03\/10314588-5-150x150.jpg 150w, https:\/\/louatier.fr\/wp-content\/uploads\/2025\/03\/10314588-5-768x768.jpg 768w, https:\/\/louatier.fr\/wp-content\/uploads\/2025\/03\/10314588-5-1536x1536.jpg 1536w\" sizes=\"auto, (max-width: 2000px) 100vw, 2000px\" \/><\/figure>\n\n\n\n<div class=\"wp-block-group is-vertical is-content-justification-center is-nowrap is-layout-flex wp-container-core-group-is-layout-21d4e958 wp-block-group-is-layout-flex\">\n<p class=\"has-text-align-center has-small-font-size\"><strong>Jean-Paul TURPIN<\/strong><\/p>\n\n\n\n<p class=\"has-text-align-center has-small-font-size\">Secr\u00e9taire<\/p>\n<\/div>\n<\/div>\n\n\n\n<div class=\"wp-block-column is-layout-flow wp-block-column-is-layout-flow\">\n<figure class=\"wp-block-image size-full is-style-rounded is-style-rounded--6\"><img loading=\"lazy\" decoding=\"async\" width=\"2000\" height=\"2000\" src=\"https:\/\/louatier.fr\/wp-content\/uploads\/2025\/03\/10314588-6.jpg\" alt=\"\" class=\"wp-image-208\" style=\"aspect-ratio:1;object-fit:cover\" srcset=\"https:\/\/louatier.fr\/wp-content\/uploads\/2025\/03\/10314588-6.jpg 2000w, https:\/\/louatier.fr\/wp-content\/uploads\/2025\/03\/10314588-6-300x300.jpg 300w, https:\/\/louatier.fr\/wp-content\/uploads\/2025\/03\/10314588-6-1024x1024.jpg 1024w, https:\/\/louatier.fr\/wp-content\/uploads\/2025\/03\/10314588-6-150x150.jpg 150w, https:\/\/louatier.fr\/wp-content\/uploads\/2025\/03\/10314588-6-768x768.jpg 768w, https:\/\/louatier.fr\/wp-content\/uploads\/2025\/03\/10314588-6-1536x1536.jpg 1536w\" sizes=\"auto, (max-width: 2000px) 100vw, 2000px\" \/><\/figure>\n\n\n\n<div class=\"wp-block-group is-vertical is-content-justification-center is-nowrap is-layout-flex wp-container-core-group-is-layout-63bfd6c1 wp-block-group-is-layout-flex\">\n<p class=\"has-text-align-center has-small-font-size\"><strong>G\u00e9rard PETIT<\/strong><\/p>\n\n\n\n<p class=\"has-text-align-center has-small-font-size\">Secr\u00e9taire adjoint<\/p>\n<\/div>\n<\/div>\n\n\n\n<div class=\"wp-block-column is-layout-flow wp-block-column-is-layout-flow\">\n<figure class=\"wp-block-image size-full is-style-rounded is-style-rounded--7\"><img loading=\"lazy\" decoding=\"async\" width=\"2000\" height=\"2000\" src=\"https:\/\/louatier.fr\/wp-content\/uploads\/2025\/03\/10314588-7.jpg\" alt=\"\" class=\"wp-image-209\" style=\"aspect-ratio:1;object-fit:cover\" srcset=\"https:\/\/louatier.fr\/wp-content\/uploads\/2025\/03\/10314588-7.jpg 2000w, https:\/\/louatier.fr\/wp-content\/uploads\/2025\/03\/10314588-7-300x300.jpg 300w, https:\/\/louatier.fr\/wp-content\/uploads\/2025\/03\/10314588-7-1024x1024.jpg 1024w, https:\/\/louatier.fr\/wp-content\/uploads\/2025\/03\/10314588-7-150x150.jpg 150w, https:\/\/louatier.fr\/wp-content\/uploads\/2025\/03\/10314588-7-768x768.jpg 768w, https:\/\/louatier.fr\/wp-content\/uploads\/2025\/03\/10314588-7-1536x1536.jpg 1536w\" sizes=\"auto, (max-width: 2000px) 100vw, 2000px\" \/><\/figure>\n\n\n\n<div class=\"wp-block-group is-vertical is-content-justification-center is-nowrap is-layout-flex wp-container-core-group-is-layout-63bfd6c1 wp-block-group-is-layout-flex\">\n<p class=\"has-text-align-center has-small-font-size\"><strong>Bernard BAILLEUL<\/strong><\/p>\n\n\n\n<p class=\"has-text-align-center has-small-font-size\">Administrateur<\/p>\n<\/div>\n<\/div>\n\n\n\n<div class=\"wp-block-column is-layout-flow wp-block-column-is-layout-flow\">\n<figure class=\"wp-block-image size-full is-style-rounded is-style-rounded--8\"><img loading=\"lazy\" decoding=\"async\" width=\"2000\" height=\"2000\" src=\"https:\/\/louatier.fr\/wp-content\/uploads\/2025\/03\/10314588-8.jpg\" alt=\"\" class=\"wp-image-210\" style=\"aspect-ratio:1;object-fit:cover\" srcset=\"https:\/\/louatier.fr\/wp-content\/uploads\/2025\/03\/10314588-8.jpg 2000w, https:\/\/louatier.fr\/wp-content\/uploads\/2025\/03\/10314588-8-300x300.jpg 300w, https:\/\/louatier.fr\/wp-content\/uploads\/2025\/03\/10314588-8-1024x1024.jpg 1024w, https:\/\/louatier.fr\/wp-content\/uploads\/2025\/03\/10314588-8-150x150.jpg 150w, https:\/\/louatier.fr\/wp-content\/uploads\/2025\/03\/10314588-8-768x768.jpg 768w, https:\/\/louatier.fr\/wp-content\/uploads\/2025\/03\/10314588-8-1536x1536.jpg 1536w\" sizes=\"auto, (max-width: 2000px) 100vw, 2000px\" \/><\/figure>\n\n\n\n<div class=\"wp-block-group is-vertical is-content-justification-center is-nowrap is-layout-flex wp-container-core-group-is-layout-21d4e958 wp-block-group-is-layout-flex\">\n<p class=\"has-text-align-center has-small-font-size\"><strong>Jacques BALL<\/strong><\/p>\n\n\n\n<p class=\"has-text-align-center has-small-font-size\">Administrateur<\/p>\n<\/div>\n<\/div>\n<\/div>\n<\/div>\n\n\n\n<div class=\"wp-block-group alignfull has-global-padding is-layout-constrained wp-container-core-group-is-layout-669513ed wp-block-group-is-layout-constrained\" style=\"margin-top:0;margin-bottom:0;padding-top:var(--wp--preset--spacing--50);padding-right:var(--wp--preset--spacing--50);padding-bottom:var(--wp--preset--spacing--50);padding-left:var(--wp--preset--spacing--50)\">\n<div style=\"height:var(--wp--preset--spacing--30)\" aria-hidden=\"true\" class=\"wp-block-spacer\"><\/div>\n\n\n\n<div class=\"wp-block-columns alignwide is-layout-flex wp-container-core-columns-is-layout-4935966c wp-block-columns-is-layout-flex\" style=\"padding-right:0;padding-left:0\">\n<div class=\"wp-block-column is-layout-flow wp-block-column-is-layout-flow\">\n<figure class=\"wp-block-image size-full is-style-rounded is-style-rounded--9\"><img loading=\"lazy\" decoding=\"async\" width=\"2000\" height=\"2000\" src=\"https:\/\/louatier.fr\/wp-content\/uploads\/2025\/03\/10314588-9.jpg\" alt=\"\" class=\"wp-image-211\" style=\"aspect-ratio:1;object-fit:cover\" srcset=\"https:\/\/louatier.fr\/wp-content\/uploads\/2025\/03\/10314588-9.jpg 2000w, https:\/\/louatier.fr\/wp-content\/uploads\/2025\/03\/10314588-9-300x300.jpg 300w, https:\/\/louatier.fr\/wp-content\/uploads\/2025\/03\/10314588-9-1024x1024.jpg 1024w, https:\/\/louatier.fr\/wp-content\/uploads\/2025\/03\/10314588-9-150x150.jpg 150w, https:\/\/louatier.fr\/wp-content\/uploads\/2025\/03\/10314588-9-768x768.jpg 768w, https:\/\/louatier.fr\/wp-content\/uploads\/2025\/03\/10314588-9-1536x1536.jpg 1536w\" sizes=\"auto, (max-width: 2000px) 100vw, 2000px\" \/><\/figure>\n\n\n\n<div class=\"wp-block-group is-vertical is-content-justification-center is-nowrap is-layout-flex wp-container-core-group-is-layout-21d4e958 wp-block-group-is-layout-flex\">\n<p class=\"has-text-align-center has-small-font-size\"><strong>Jean-Louis BALL<\/strong><\/p>\n\n\n\n<p class=\"has-text-align-center has-small-font-size\">Administrateur<\/p>\n<\/div>\n<\/div>\n\n\n\n<div class=\"wp-block-column is-layout-flow wp-block-column-is-layout-flow\">\n<figure class=\"wp-block-image size-full is-style-rounded is-style-rounded--10\"><img loading=\"lazy\" decoding=\"async\" width=\"2000\" height=\"2000\" src=\"https:\/\/louatier.fr\/wp-content\/uploads\/2025\/03\/10314588-10.jpg\" alt=\"\" class=\"wp-image-212\" style=\"aspect-ratio:1;object-fit:cover\" srcset=\"https:\/\/louatier.fr\/wp-content\/uploads\/2025\/03\/10314588-10.jpg 2000w, https:\/\/louatier.fr\/wp-content\/uploads\/2025\/03\/10314588-10-300x300.jpg 300w, https:\/\/louatier.fr\/wp-content\/uploads\/2025\/03\/10314588-10-1024x1024.jpg 1024w, https:\/\/louatier.fr\/wp-content\/uploads\/2025\/03\/10314588-10-150x150.jpg 150w, https:\/\/louatier.fr\/wp-content\/uploads\/2025\/03\/10314588-10-768x768.jpg 768w, https:\/\/louatier.fr\/wp-content\/uploads\/2025\/03\/10314588-10-1536x1536.jpg 1536w\" sizes=\"auto, (max-width: 2000px) 100vw, 2000px\" \/><\/figure>\n\n\n\n<div class=\"wp-block-group is-vertical is-content-justification-center is-nowrap is-layout-flex wp-container-core-group-is-layout-63bfd6c1 wp-block-group-is-layout-flex\">\n<p class=\"has-text-align-center has-small-font-size\"><strong>Alain BARACHET<\/strong><\/p>\n\n\n\n<p class=\"has-text-align-center has-small-font-size\">Administrateur<\/p>\n<\/div>\n<\/div>\n\n\n\n<div class=\"wp-block-column is-layout-flow wp-block-column-is-layout-flow\">\n<figure class=\"wp-block-image size-full is-style-rounded is-style-rounded--11\"><img loading=\"lazy\" decoding=\"async\" width=\"2000\" height=\"2000\" src=\"https:\/\/louatier.fr\/wp-content\/uploads\/2025\/03\/10314588-11.jpg\" alt=\"\" class=\"wp-image-213\" style=\"aspect-ratio:1;object-fit:cover\" srcset=\"https:\/\/louatier.fr\/wp-content\/uploads\/2025\/03\/10314588-11.jpg 2000w, https:\/\/louatier.fr\/wp-content\/uploads\/2025\/03\/10314588-11-300x300.jpg 300w, https:\/\/louatier.fr\/wp-content\/uploads\/2025\/03\/10314588-11-1024x1024.jpg 1024w, https:\/\/louatier.fr\/wp-content\/uploads\/2025\/03\/10314588-11-150x150.jpg 150w, https:\/\/louatier.fr\/wp-content\/uploads\/2025\/03\/10314588-11-768x768.jpg 768w, https:\/\/louatier.fr\/wp-content\/uploads\/2025\/03\/10314588-11-1536x1536.jpg 1536w\" sizes=\"auto, (max-width: 2000px) 100vw, 2000px\" \/><\/figure>\n\n\n\n<div class=\"wp-block-group is-vertical is-content-justification-center is-nowrap is-layout-flex wp-container-core-group-is-layout-63bfd6c1 wp-block-group-is-layout-flex\">\n<p class=\"has-text-align-center has-small-font-size\"><strong>Georges ROGER<\/strong><\/p>\n\n\n\n<p class=\"has-text-align-center has-small-font-size\">Administrateur<\/p>\n<\/div>\n<\/div>\n\n\n\n<div class=\"wp-block-column is-layout-flow wp-block-column-is-layout-flow\">\n<figure class=\"wp-block-image size-full is-style-rounded is-style-rounded--12\"><img loading=\"lazy\" decoding=\"async\" width=\"2000\" height=\"2000\" src=\"https:\/\/louatier.fr\/wp-content\/uploads\/2025\/03\/10314588-12.jpg\" alt=\"\" class=\"wp-image-214\" style=\"aspect-ratio:1;object-fit:cover\" srcset=\"https:\/\/louatier.fr\/wp-content\/uploads\/2025\/03\/10314588-12.jpg 2000w, https:\/\/louatier.fr\/wp-content\/uploads\/2025\/03\/10314588-12-300x300.jpg 300w, https:\/\/louatier.fr\/wp-content\/uploads\/2025\/03\/10314588-12-1024x1024.jpg 1024w, https:\/\/louatier.fr\/wp-content\/uploads\/2025\/03\/10314588-12-150x150.jpg 150w, https:\/\/louatier.fr\/wp-content\/uploads\/2025\/03\/10314588-12-768x768.jpg 768w, https:\/\/louatier.fr\/wp-content\/uploads\/2025\/03\/10314588-12-1536x1536.jpg 1536w\" sizes=\"auto, (max-width: 2000px) 100vw, 2000px\" \/><\/figure>\n\n\n\n<div class=\"wp-block-group is-vertical is-content-justification-center is-nowrap is-layout-flex wp-container-core-group-is-layout-21d4e958 wp-block-group-is-layout-flex\">\n<p><\/p>\n\n\n\n<p class=\"has-text-align-center has-small-font-size\">Administrateur<\/p>\n<\/div>\n<\/div>\n<\/div>\n<\/div>\n\n\n\n<div class=\"wp-block-group alignfull has-global-padding is-layout-constrained wp-container-core-group-is-layout-669513ed wp-block-group-is-layout-constrained\" style=\"margin-top:0;margin-bottom:0;padding-top:var(--wp--preset--spacing--50);padding-right:var(--wp--preset--spacing--50);padding-bottom:var(--wp--preset--spacing--50);padding-left:var(--wp--preset--spacing--50)\">\n<div class=\"wp-block-columns alignwide is-layout-flex wp-container-core-columns-is-layout-4935966c wp-block-columns-is-layout-flex\" style=\"padding-right:0;padding-left:0\">\n<div class=\"wp-block-column is-layout-flow wp-block-column-is-layout-flow\">\n<figure class=\"wp-block-image size-full is-style-rounded is-style-rounded--13\"><img loading=\"lazy\" decoding=\"async\" width=\"2000\" height=\"2000\" src=\"https:\/\/louatier.fr\/wp-content\/uploads\/2025\/03\/10314588-13.jpg\" alt=\"\" class=\"wp-image-215\" style=\"aspect-ratio:1;object-fit:cover\" srcset=\"https:\/\/louatier.fr\/wp-content\/uploads\/2025\/03\/10314588-13.jpg 2000w, https:\/\/louatier.fr\/wp-content\/uploads\/2025\/03\/10314588-13-300x300.jpg 300w, https:\/\/louatier.fr\/wp-content\/uploads\/2025\/03\/10314588-13-1024x1024.jpg 1024w, https:\/\/louatier.fr\/wp-content\/uploads\/2025\/03\/10314588-13-150x150.jpg 150w, https:\/\/louatier.fr\/wp-content\/uploads\/2025\/03\/10314588-13-768x768.jpg 768w, https:\/\/louatier.fr\/wp-content\/uploads\/2025\/03\/10314588-13-1536x1536.jpg 1536w\" sizes=\"auto, (max-width: 2000px) 100vw, 2000px\" \/><\/figure>\n\n\n\n<div class=\"wp-block-group is-vertical is-content-justification-center is-nowrap is-layout-flex wp-container-core-group-is-layout-21d4e958 wp-block-group-is-layout-flex\">\n<p class=\"has-text-align-center has-small-font-size\"><\/p>\n\n\n\n<p class=\"has-text-align-center has-small-font-size\">Administrateur<\/p>\n<\/div>\n<\/div>\n\n\n\n<div class=\"wp-block-column is-layout-flow wp-block-column-is-layout-flow\">\n<figure class=\"wp-block-image size-full is-style-rounded is-style-rounded--14\"><img loading=\"lazy\" decoding=\"async\" width=\"2000\" height=\"2000\" src=\"https:\/\/louatier.fr\/wp-content\/uploads\/2025\/03\/10314588-14.jpg\" alt=\"\" class=\"wp-image-216\" style=\"aspect-ratio:1;object-fit:cover\" srcset=\"https:\/\/louatier.fr\/wp-content\/uploads\/2025\/03\/10314588-14.jpg 2000w, https:\/\/louatier.fr\/wp-content\/uploads\/2025\/03\/10314588-14-300x300.jpg 300w, https:\/\/louatier.fr\/wp-content\/uploads\/2025\/03\/10314588-14-1024x1024.jpg 1024w, https:\/\/louatier.fr\/wp-content\/uploads\/2025\/03\/10314588-14-150x150.jpg 150w, https:\/\/louatier.fr\/wp-content\/uploads\/2025\/03\/10314588-14-768x768.jpg 768w, https:\/\/louatier.fr\/wp-content\/uploads\/2025\/03\/10314588-14-1536x1536.jpg 1536w\" sizes=\"auto, (max-width: 2000px) 100vw, 2000px\" \/><\/figure>\n\n\n\n<div class=\"wp-block-group is-vertical is-content-justification-center is-nowrap is-layout-flex wp-container-core-group-is-layout-63bfd6c1 wp-block-group-is-layout-flex\">\n<p class=\"has-text-align-center has-small-font-size\"><\/p>\n\n\n\n<p class=\"has-text-align-center has-small-font-size\">Administrateur<\/p>\n<\/div>\n<\/div>\n\n\n\n<div class=\"wp-block-column is-layout-flow wp-block-column-is-layout-flow\">\n<div class=\"wp-block-group is-vertical is-content-justification-center is-nowrap is-layout-flex wp-container-core-group-is-layout-63bfd6c1 wp-block-group-is-layout-flex\">\n<p class=\"has-text-align-center has-small-font-size\"><\/p>\n\n\n\n<p class=\"has-text-align-center has-small-font-size\"><\/p>\n<\/div>\n<\/div>\n\n\n\n<div class=\"wp-block-column is-layout-flow wp-block-column-is-layout-flow\">\n<div class=\"wp-block-group is-vertical is-content-justification-center is-nowrap is-layout-flex wp-container-core-group-is-layout-21d4e958 wp-block-group-is-layout-flex\">\n<p class=\"has-text-align-center has-small-font-size\"><\/p>\n\n\n\n<p class=\"has-text-align-center has-small-font-size\"><\/p>\n<\/div>\n<\/div>\n<\/div>\n<\/div>\n","protected":false},"excerpt":{"rendered":"<p>Rencontrer notre \u00e9quipe Jean-Luc MITTERRAND Pr\u00e9sident Rapha\u00ebl AMAT Vice-Pr\u00e9sident Herv\u00e9 PEZARD Vice-Pr\u00e9sident Jean-Michel PENEAU Tr\u00e9sorier Jean-Paul TURPIN Secr\u00e9taire G\u00e9rard PETIT Secr\u00e9taire adjoint Bernard BAILLEUL Administrateur Jacques BALL Administrateur Jean-Louis BALL Administrateur Alain BARACHET Administrateur Georges ROGER Administrateur Administrateur Administrateur Administrateur<\/p>\n","protected":false},"author":1,"featured_media":0,"parent":0,"menu_order":0,"comment_status":"closed","ping_status":"closed","template":"","meta":{"footnotes":""},"class_list":["post-201","page","type-page","status-publish","hentry"],"_links":{"self":[{"href":"https:\/\/louatier.fr\/index.php\/wp-json\/wp\/v2\/pages\/201","targetHints":{"allow":["GET"]}}],"collection":[{"href":"https:\/\/louatier.fr\/index.php\/wp-json\/wp\/v2\/pages"}],"about":[{"href":"https:\/\/louatier.fr\/index.php\/wp-json\/wp\/v2\/types\/page"}],"author":[{"embeddable":true,"href":"https:\/\/louatier.fr\/index.php\/wp-json\/wp\/v2\/users\/1"}],"replies":[{"embeddable":true,"href":"https:\/\/louatier.fr\/index.php\/wp-json\/wp\/v2\/comments?post=201"}],"version-history":[{"count":5,"href":"https:\/\/louatier.fr\/index.php\/wp-json\/wp\/v2\/pages\/201\/revisions"}],"predecessor-version":[{"id":333,"href":"https:\/\/louatier.fr\/index.php\/wp-json\/wp\/v2\/pages\/201\/revisions\/333"}],"wp:attachment":[{"href":"https:\/\/louatier.fr\/index.php\/wp-json\/wp\/v2\/media?parent=201"}],"curies":[{"name":"wp","href":"https:\/\/api.w.org\/{rel}","templated":true}]}}