{"id":147,"date":"2025-01-29T18:02:31","date_gmt":"2025-01-29T17:02:31","guid":{"rendered":"https:\/\/louatier.fr\/?page_id=147"},"modified":"2025-05-15T15:35:02","modified_gmt":"2025-05-15T13:35:02","slug":"les-boites-vibert","status":"publish","type":"page","link":"https:\/\/louatier.fr\/index.php\/les-boites-vibert\/","title":{"rendered":"Les bo\u00eetes Vibert"},"content":{"rendered":"\n<div class=\"wp-block-group alignfull has-accent-background-color has-background has-global-padding is-layout-constrained wp-container-core-group-is-layout-669513ed wp-block-group-is-layout-constrained\" style=\"margin-top:0;margin-bottom:0;padding-top:var(--wp--preset--spacing--50);padding-right:var(--wp--preset--spacing--50);padding-bottom:var(--wp--preset--spacing--50);padding-left:var(--wp--preset--spacing--50)\">\n<div class=\"wp-block-columns alignwide is-layout-flex wp-container-core-columns-is-layout-1da03c2a wp-block-columns-is-layout-flex\">\n<div class=\"wp-block-column is-vertically-aligned-stretch is-layout-flow wp-block-column-is-layout-flow\" style=\"flex-basis:50%\">\n<div class=\"wp-block-group is-vertical is-content-justification-stretch is-layout-flex wp-container-core-group-is-layout-444d5ee8 wp-block-group-is-layout-flex\" style=\"min-height:100%\">\n<p class=\"has-heading-font-family has-x-large-font-size\" style=\"line-height:1.2\">La m\u00e9thode<\/p>\n\n\n\n<div class=\"wp-block-group has-global-padding is-content-justification-left is-layout-constrained wp-container-core-group-is-layout-9fe8ed88 wp-block-group-is-layout-constrained\">\n<p>Consiste \u00e0 enfouir dans les gravi\u00e8res de petites bo\u00eetes en plastique, \u00ab<strong>Bo\u00eete Vibert<\/strong>\u00bb, d\u2019une contenance correspondant \u00e0 un millier d\u2019\u0153ufs de truite.<\/p>\n<\/div>\n<\/div>\n<\/div>\n\n\n\n<div class=\"wp-block-column is-vertically-aligned-center is-layout-flow wp-block-column-is-layout-flow\" style=\"flex-basis:50%\">\n<figure class=\"wp-block-image size-full\"><img loading=\"lazy\" decoding=\"async\" width=\"348\" height=\"231\" src=\"http:\/\/louatier.fr\/wp-content\/uploads\/2025\/01\/Vibert.jpg\" alt=\"\" class=\"wp-image-143\" srcset=\"https:\/\/louatier.fr\/wp-content\/uploads\/2025\/01\/Vibert.jpg 348w, https:\/\/louatier.fr\/wp-content\/uploads\/2025\/01\/Vibert-300x199.jpg 300w\" sizes=\"auto, (max-width: 348px) 100vw, 348px\" \/><\/figure>\n<\/div>\n<\/div>\n<\/div>\n\n\n\n<div class=\"wp-block-group alignfull has-base-background-color has-background has-global-padding is-layout-constrained wp-container-core-group-is-layout-d89aad35 wp-block-group-is-layout-constrained\" style=\"margin-top:0;margin-bottom:0;padding-top:var(--wp--preset--spacing--50);padding-right:var(--wp--preset--spacing--50);padding-bottom:var(--wp--preset--spacing--50);padding-left:var(--wp--preset--spacing--50)\">\n<div class=\"wp-block-columns alignwide is-layout-flex wp-container-core-columns-is-layout-549b0c86 wp-block-columns-is-layout-flex\">\n<div class=\"wp-block-column is-layout-flow wp-block-column-is-layout-flow\">\n<figure class=\"wp-block-image aligncenter size-full\"><img loading=\"lazy\" decoding=\"async\" width=\"348\" height=\"231\" src=\"http:\/\/louatier.fr\/wp-content\/uploads\/2025\/01\/VibertInstall1.jpg\" alt=\"\" class=\"wp-image-121\" srcset=\"https:\/\/louatier.fr\/wp-content\/uploads\/2025\/01\/VibertInstall1.jpg 348w, https:\/\/louatier.fr\/wp-content\/uploads\/2025\/01\/VibertInstall1-300x199.jpg 300w\" sizes=\"auto, (max-width: 348px) 100vw, 348px\" \/><\/figure>\n<\/div>\n\n\n\n<div class=\"wp-block-column is-layout-flow wp-block-column-is-layout-flow\">\n<figure class=\"wp-block-image aligncenter size-full\"><img loading=\"lazy\" decoding=\"async\" width=\"348\" height=\"231\" src=\"http:\/\/louatier.fr\/wp-content\/uploads\/2025\/01\/VibertInstall2.jpg\" alt=\"\" class=\"wp-image-145\" srcset=\"https:\/\/louatier.fr\/wp-content\/uploads\/2025\/01\/VibertInstall2.jpg 348w, https:\/\/louatier.fr\/wp-content\/uploads\/2025\/01\/VibertInstall2-300x199.jpg 300w\" sizes=\"auto, (max-width: 348px) 100vw, 348px\" \/><\/figure>\n<\/div>\n<\/div>\n<\/div>\n\n\n\n<div class=\"wp-block-group alignfull has-accent-5-background-color has-background has-global-padding is-layout-constrained wp-container-core-group-is-layout-d89aad35 wp-block-group-is-layout-constrained\" style=\"margin-top:0;margin-bottom:0;padding-top:var(--wp--preset--spacing--50);padding-right:var(--wp--preset--spacing--50);padding-bottom:var(--wp--preset--spacing--50);padding-left:var(--wp--preset--spacing--50)\">\n<div class=\"wp-block-columns alignwide is-layout-flex wp-container-core-columns-is-layout-1da03c2a wp-block-columns-is-layout-flex\">\n<div class=\"wp-block-column is-vertically-aligned-center is-layout-flow wp-block-column-is-layout-flow\" style=\"flex-basis:60%\">\n<figure class=\"wp-block-image size-full is-resized is-style-rounded wp-duotone-unset-2 is-style-rounded--1\"><img loading=\"lazy\" decoding=\"async\" width=\"320\" height=\"184\" src=\"http:\/\/louatier.fr\/wp-content\/uploads\/2025\/01\/Vibert2.jpg\" alt=\"\" class=\"wp-image-144\" style=\"aspect-ratio:1.3333333333333333;object-fit:cover;width:345px;height:auto\" srcset=\"https:\/\/louatier.fr\/wp-content\/uploads\/2025\/01\/Vibert2.jpg 320w, https:\/\/louatier.fr\/wp-content\/uploads\/2025\/01\/Vibert2-300x173.jpg 300w\" sizes=\"auto, (max-width: 320px) 100vw, 320px\" \/><\/figure>\n<\/div>\n\n\n\n<div class=\"wp-block-column is-layout-flow wp-block-column-is-layout-flow\" style=\"flex-basis:40%\">\n<h2 class=\"wp-block-heading\">Le principe<\/h2>\n\n\n\n<p>Les perforations plac\u00e9es sur les six c\u00f4t\u00e9s de la bo\u00eete laissent le courant d\u2019eau apporter aux \u0153ufs l\u2019oxyg\u00e8ne qui leur est n\u00e9cessaire. Elles permettent aux alevins de sortir d\u2019eux-m\u00eames de la bo\u00eete et de poursuivre leur d\u00e9veloppement sous gravier, dans des conditions naturelles.<\/p>\n<\/div>\n<\/div>\n<\/div>\n\n\n\n<p>La r\u00e9ussite des bo\u00eetes Vibert \u00e9tant mise \u00e0 mal par un colmatage r\u00e9current sur l&#8217;Ouatier et le seul affluent favorable \u00e0 cette technique \u00e9tant situ\u00e9 \u00e0 l&#8217;aval de notre parcours, il a \u00e9t\u00e9 d\u00e9cid\u00e9 de stopper cette m\u00e9thode en 2014.<\/p>\n\n\n\n<p>Aujourd&#8217;hui, l&#8217;apport d&#8217;alevins \u00e0 r\u00e9sorption de v\u00e9sicule est le seul compl\u00e9ment apport\u00e9 \u00e0 la reproduction naturelle.<\/p>\n","protected":false},"excerpt":{"rendered":"<p>La m\u00e9thode Consiste \u00e0 enfouir dans les gravi\u00e8res de petites bo\u00eetes en plastique, \u00abBo\u00eete Vibert\u00bb, d\u2019une contenance correspondant \u00e0 un millier d\u2019\u0153ufs de truite. Le principe Les perforations plac\u00e9es sur les six c\u00f4t\u00e9s de la bo\u00eete laissent le courant d\u2019eau apporter aux \u0153ufs l\u2019oxyg\u00e8ne qui leur est n\u00e9cessaire. Elles permettent aux alevins de sortir d\u2019eux-m\u00eames [&hellip;]<\/p>\n","protected":false},"author":1,"featured_media":0,"parent":0,"menu_order":0,"comment_status":"closed","ping_status":"closed","template":"","meta":{"footnotes":""},"class_list":["post-147","page","type-page","status-publish","hentry"],"_links":{"self":[{"href":"https:\/\/louatier.fr\/index.php\/wp-json\/wp\/v2\/pages\/147","targetHints":{"allow":["GET"]}}],"collection":[{"href":"https:\/\/louatier.fr\/index.php\/wp-json\/wp\/v2\/pages"}],"about":[{"href":"https:\/\/louatier.fr\/index.php\/wp-json\/wp\/v2\/types\/page"}],"author":[{"embeddable":true,"href":"https:\/\/louatier.fr\/index.php\/wp-json\/wp\/v2\/users\/1"}],"replies":[{"embeddable":true,"href":"https:\/\/louatier.fr\/index.php\/wp-json\/wp\/v2\/comments?post=147"}],"version-history":[{"count":3,"href":"https:\/\/louatier.fr\/index.php\/wp-json\/wp\/v2\/pages\/147\/revisions"}],"predecessor-version":[{"id":276,"href":"https:\/\/louatier.fr\/index.php\/wp-json\/wp\/v2\/pages\/147\/revisions\/276"}],"wp:attachment":[{"href":"https:\/\/louatier.fr\/index.php\/wp-json\/wp\/v2\/media?parent=147"}],"curies":[{"name":"wp","href":"https:\/\/api.w.org\/{rel}","templated":true}]}}