{"id":109,"date":"2025-01-26T12:47:10","date_gmt":"2025-01-26T11:47:10","guid":{"rendered":"https:\/\/louatier.fr\/?page_id=109"},"modified":"2026-02-10T15:57:06","modified_gmt":"2026-02-10T14:57:06","slug":"politique","status":"publish","type":"page","link":"https:\/\/louatier.fr\/index.php\/politique\/","title":{"rendered":"Politique"},"content":{"rendered":"\n<div class=\"wp-block-group alignfull has-accent-background-color has-background has-global-padding is-layout-constrained wp-container-core-group-is-layout-669513ed wp-block-group-is-layout-constrained\" style=\"margin-top:0;margin-bottom:0;padding-top:var(--wp--preset--spacing--50);padding-right:var(--wp--preset--spacing--50);padding-bottom:var(--wp--preset--spacing--50);padding-left:var(--wp--preset--spacing--50)\">\n<div class=\"wp-block-columns alignwide is-layout-flex wp-container-core-columns-is-layout-1da03c2a wp-block-columns-is-layout-flex\">\n<div class=\"wp-block-column is-vertically-aligned-stretch is-layout-flow wp-block-column-is-layout-flow\" style=\"flex-basis:50%\">\n<div class=\"wp-block-group is-vertical is-content-justification-stretch is-layout-flex wp-container-core-group-is-layout-444d5ee8 wp-block-group-is-layout-flex\" style=\"min-height:100%\">\n<p class=\"has-heading-font-family has-x-large-font-size\" style=\"line-height:1.2\">Un cadre agr\u00e9able et des poissons de qualit\u00e9.<\/p>\n\n\n\n<p class=\"wp-container-content-0733e5d0\">Apr\u00e8s 45 ans d\u2019existence, notre <strong>AAPPMA <\/strong>conna\u00eet un nouvel essor suite aux nouvelles orientations d\u00e9cid\u00e9es par le Bureau en 2002. <strong>Et quel Changement !<\/strong> Changement devenu envisageable apr\u00e8s plusieurs ann\u00e9es avec des conditions hydrauliques plus favorables.<\/p>\n<\/div>\n<\/div>\n\n\n\n<div class=\"wp-block-column is-vertically-aligned-center is-layout-flow wp-block-column-is-layout-flow\" style=\"flex-basis:50%\">\n<figure class=\"wp-block-image size-full is-resized is-style-rounded is-style-rounded--1\"><img loading=\"lazy\" decoding=\"async\" width=\"407\" height=\"305\" src=\"http:\/\/louatier.fr\/wp-content\/uploads\/2025\/01\/Prise2.jpg\" alt=\"\" class=\"wp-image-118\" style=\"aspect-ratio:0.75;object-fit:cover;width:195px;height:auto\" srcset=\"https:\/\/louatier.fr\/wp-content\/uploads\/2025\/01\/Prise2.jpg 407w, https:\/\/louatier.fr\/wp-content\/uploads\/2025\/01\/Prise2-300x225.jpg 300w\" sizes=\"auto, (max-width: 407px) 100vw, 407px\" \/><\/figure>\n<\/div>\n<\/div>\n<\/div>\n\n\n\n<div class=\"wp-block-group alignfull has-base-background-color has-background has-global-padding is-layout-constrained wp-container-core-group-is-layout-d89aad35 wp-block-group-is-layout-constrained\" style=\"margin-top:0;margin-bottom:0;padding-top:var(--wp--preset--spacing--50);padding-right:var(--wp--preset--spacing--50);padding-bottom:var(--wp--preset--spacing--50);padding-left:var(--wp--preset--spacing--50)\">\n<div class=\"wp-block-columns alignwide is-layout-flex wp-container-core-columns-is-layout-549b0c86 wp-block-columns-is-layout-flex\">\n<div class=\"wp-block-column has-global-padding is-content-justification-left is-layout-constrained wp-container-core-column-is-layout-4f15e8fe wp-block-column-is-layout-constrained\" style=\"flex-basis:40%\">\n<figure class=\"wp-block-image\"><img decoding=\"async\" src=\"http:\/\/louatier.fr\/wp-content\/uploads\/2025\/01\/TruiteBassine.jpg\" alt=\"L\u2019attribut alt de cette image est vide, son nom de fichier est TruiteBassine.jpg.\"\/><\/figure>\n<\/div>\n\n\n\n<div class=\"wp-block-column is-layout-flow wp-container-core-column-is-layout-119bc444 wp-block-column-is-layout-flow\" style=\"flex-basis:60%\">\n<blockquote class=\"wp-block-quote is-layout-flow wp-block-quote-is-layout-flow\">\n<p class=\"has-heading-font-family has-x-large-font-size\" style=\"line-height:1.2\">C\u2019est pour donner un peu de cr\u00e9dit \u00e0 cet \u00e9tat de fait que l\u2019Association revient \u00e0 un peuplement plus naturel. Haro sur les Truites de Bassines\u2026 !<\/p>\n<\/blockquote>\n<\/div>\n<\/div>\n\n\n\n<p>Notre objectif majeur est de permettre aux p\u00eacheurs de pratiquer leur loisir dans un cadre agr\u00e9able, d\u2019y prendre des poissons de qualit\u00e9 et, m\u00eame si le \u00ab No Kill \u00bb (sans tuer) n\u2019est pas obligatoire sur notre parcours, nous l\u2019encourageons vivement ; c\u2019est un \u00e9l\u00e9ment essentiel pour pouvoir pr\u00e9tendre \u00e0 une recherche de repeuplement naturel.<\/p>\n<\/div>\n\n\n\n<div class=\"wp-block-group alignfull has-global-padding is-layout-constrained wp-container-core-group-is-layout-d89aad35 wp-block-group-is-layout-constrained\" style=\"margin-top:0;margin-bottom:0;padding-top:var(--wp--preset--spacing--50);padding-right:var(--wp--preset--spacing--50);padding-bottom:var(--wp--preset--spacing--50);padding-left:var(--wp--preset--spacing--50)\">\n<div class=\"wp-block-columns alignwide are-vertically-aligned-center is-layout-flex wp-container-core-columns-is-layout-47c06fe3 wp-block-columns-is-layout-flex\">\n<div class=\"wp-block-column is-vertically-aligned-center is-layout-flow wp-block-column-is-layout-flow\" style=\"flex-basis:50%\">\n<h2 class=\"wp-block-heading\">Les principaux axes de notre politique :<\/h2>\n\n\n\n<ul style=\"line-height:1.75\" class=\"wp-block-list is-style-checkmark-list\">\n<li>Restauration de l\u2019habitat.<\/li>\n\n\n\n<li>Restauration des fray\u00e8res.<\/li>\n\n\n\n<li>Restauration de la ripisylve.<\/li>\n\n\n\n<li>Pr\u00e9servation d&#8217;un d\u00e9bit minimum en d\u00e9non\u00e7ant les pr\u00e9l\u00e8vements excessifs dans la nappe d&#8217;accompagnement de l&#8217;Ouatier.<\/li>\n\n\n\n<li>Soutien des populations de truites sans apport de poissons adultes.<\/li>\n\n\n\n<li><a href=\"https:\/\/louatier.fr\/index.php\/les-boites-vibert\/\" data-type=\"page\" data-id=\"147\">Bo\u00eetes \u00ab Vibert \u00bb<\/a> (de 2007 \u00e0 2014), <a href=\"https:\/\/louatier.fr\/index.php\/les-truitelles-dun-ete\/\" data-type=\"page\" data-id=\"158\">truitelles d&#8217;automne<\/a> (de 2003 \u00e0 2018), alevins \u00e0 r\u00e9sorption (depuis 2015).<\/li>\n<\/ul>\n<\/div>\n\n\n\n<div class=\"wp-block-column is-vertically-aligned-center is-layout-flow wp-block-column-is-layout-flow\" style=\"flex-basis:50%\">\n<figure class=\"wp-block-image size-full is-resized is-style-rounded is-style-rounded--2\"><img loading=\"lazy\" decoding=\"async\" width=\"348\" height=\"231\" src=\"http:\/\/louatier.fr\/wp-content\/uploads\/2025\/01\/VibertInstall1.jpg\" alt=\"\" class=\"wp-image-121\" style=\"aspect-ratio:1.3333333333333333;object-fit:cover;width:473px;height:auto\" srcset=\"https:\/\/louatier.fr\/wp-content\/uploads\/2025\/01\/VibertInstall1.jpg 348w, https:\/\/louatier.fr\/wp-content\/uploads\/2025\/01\/VibertInstall1-300x199.jpg 300w\" sizes=\"auto, (max-width: 348px) 100vw, 348px\" \/><\/figure>\n<\/div>\n<\/div>\n<\/div>\n\n\n\n<div class=\"wp-block-group alignfull has-accent-5-background-color has-background has-global-padding is-layout-constrained wp-container-core-group-is-layout-d89aad35 wp-block-group-is-layout-constrained\" style=\"margin-top:0;margin-bottom:0;padding-top:var(--wp--preset--spacing--50);padding-right:var(--wp--preset--spacing--50);padding-bottom:var(--wp--preset--spacing--50);padding-left:var(--wp--preset--spacing--50)\">\n<div class=\"wp-block-columns alignwide is-layout-flex wp-container-core-columns-is-layout-1da03c2a wp-block-columns-is-layout-flex\">\n<div class=\"wp-block-column is-vertically-aligned-center is-layout-flow wp-block-column-is-layout-flow\" style=\"flex-basis:60%\">\n<figure class=\"wp-block-image size-full is-resized is-style-rounded wp-duotone-unset-4 is-style-rounded--3\"><img loading=\"lazy\" decoding=\"async\" width=\"320\" height=\"240\" src=\"http:\/\/louatier.fr\/wp-content\/uploads\/2025\/01\/Prise1.jpg\" alt=\"\" class=\"wp-image-120\" style=\"object-fit:cover;width:368px;height:auto\" srcset=\"https:\/\/louatier.fr\/wp-content\/uploads\/2025\/01\/Prise1.jpg 320w, https:\/\/louatier.fr\/wp-content\/uploads\/2025\/01\/Prise1-300x225.jpg 300w\" sizes=\"auto, (max-width: 320px) 100vw, 320px\" \/><\/figure>\n<\/div>\n\n\n\n<div class=\"wp-block-column is-layout-flow wp-block-column-is-layout-flow\" style=\"flex-basis:40%\">\n<h2 class=\"wp-block-heading\">Aujourd&#8217;hui les truites prises dans l\u2019Ouatier n\u2019ont rien \u00e0 envier \u00e0 celles des cours d\u2019eau plus renomm\u00e9s.<\/h2>\n\n\n\n<p>Les p\u00eacheurs sont l\u00e0 pour en t\u00e9moigner, les photos aussi.<\/p>\n<\/div>\n<\/div>\n<\/div>\n\n\n\n<p>Quand bien m\u00eame les puristes peuvent toujours discuter sur les contraintes g\u00e9n\u00e9tiques li\u00e9es \u00e0 ce type de repeuplement.<br>L\u2019\u00e9tat piscicole de notre rivi\u00e8re \u00e9tait telle que des dispositions s\u2019imposaient et m\u00eame si le chemin vers la gestion patrimoniale nous semble bien lointaine, les avanc\u00e9es sont significatives.<\/p>\n\n\n\n<p>La valorisation de notre rivi\u00e8re est en marche, n\u00e9anmoins, restons vigilants, rien n\u2019est acquis d\u00e9finitivement, l\u2019\u00e9quilibre est si fragile face aux pressions de l\u2019urbanisation, aux pollutions, aux pompages, aux changements climatiques.<\/p>\n\n\n\n<p><\/p>\n\n\n\n<div class=\"wp-block-group alignfull has-accent-2-background-color has-background has-global-padding is-layout-constrained wp-container-core-group-is-layout-669513ed wp-block-group-is-layout-constrained\" style=\"margin-top:0;margin-bottom:0;padding-top:var(--wp--preset--spacing--50);padding-right:var(--wp--preset--spacing--50);padding-bottom:var(--wp--preset--spacing--50);padding-left:var(--wp--preset--spacing--50)\">\n<figure class=\"wp-block-image alignright size-full\"><img loading=\"lazy\" decoding=\"async\" width=\"341\" height=\"276\" src=\"http:\/\/louatier.fr\/wp-content\/uploads\/2025\/01\/BergesApres.jpg\" alt=\"\" class=\"wp-image-122\" srcset=\"https:\/\/louatier.fr\/wp-content\/uploads\/2025\/01\/BergesApres.jpg 341w, https:\/\/louatier.fr\/wp-content\/uploads\/2025\/01\/BergesApres-300x243.jpg 300w\" sizes=\"auto, (max-width: 341px) 100vw, 341px\" \/><\/figure>\n\n\n\n<h2 class=\"wp-block-heading\">Ne boudons pas notre plaisir, profitons de notre rivi\u00e8re telle qu\u2019elle est, l\u2019Ouatier, r\u00e9el atout touristique et piscicole de notre canton<\/h2>\n<\/div>\n\n\n\n<p><\/p>\n","protected":false},"excerpt":{"rendered":"<p>Un cadre agr\u00e9able et des poissons de qualit\u00e9. Apr\u00e8s 45 ans d\u2019existence, notre AAPPMA conna\u00eet un nouvel essor suite aux nouvelles orientations d\u00e9cid\u00e9es par le Bureau en 2002. Et quel Changement ! Changement devenu envisageable apr\u00e8s plusieurs ann\u00e9es avec des conditions hydrauliques plus favorables. C\u2019est pour donner un peu de cr\u00e9dit \u00e0 cet \u00e9tat de [&hellip;]<\/p>\n","protected":false},"author":1,"featured_media":0,"parent":0,"menu_order":0,"comment_status":"closed","ping_status":"closed","template":"","meta":{"footnotes":""},"class_list":["post-109","page","type-page","status-publish","hentry"],"_links":{"self":[{"href":"https:\/\/louatier.fr\/index.php\/wp-json\/wp\/v2\/pages\/109","targetHints":{"allow":["GET"]}}],"collection":[{"href":"https:\/\/louatier.fr\/index.php\/wp-json\/wp\/v2\/pages"}],"about":[{"href":"https:\/\/louatier.fr\/index.php\/wp-json\/wp\/v2\/types\/page"}],"author":[{"embeddable":true,"href":"https:\/\/louatier.fr\/index.php\/wp-json\/wp\/v2\/users\/1"}],"replies":[{"embeddable":true,"href":"https:\/\/louatier.fr\/index.php\/wp-json\/wp\/v2\/comments?post=109"}],"version-history":[{"count":14,"href":"https:\/\/louatier.fr\/index.php\/wp-json\/wp\/v2\/pages\/109\/revisions"}],"predecessor-version":[{"id":411,"href":"https:\/\/louatier.fr\/index.php\/wp-json\/wp\/v2\/pages\/109\/revisions\/411"}],"wp:attachment":[{"href":"https:\/\/louatier.fr\/index.php\/wp-json\/wp\/v2\/media?parent=109"}],"curies":[{"name":"wp","href":"https:\/\/api.w.org\/{rel}","templated":true}]}}